{"id":1370,"date":"2023-07-29T15:23:59","date_gmt":"2023-07-29T15:23:59","guid":{"rendered":"https:\/\/golfinthejungle.co.uk\/?page_id=1370"},"modified":"2026-01-29T22:49:17","modified_gmt":"2026-01-29T22:49:17","slug":"mini-golf-prices","status":"publish","type":"page","link":"https:\/\/golfinthejungle.co.uk\/en\/mini-golf-prices\/","title":{"rendered":"Prices"},"content":{"rendered":"","protected":false},"excerpt":{"rendered":"","protected":false},"author":1,"featured_media":0,"parent":0,"menu_order":0,"comment_status":"closed","ping_status":"closed","template":"","meta":{"inline_featured_image":false,"footnotes":""},"class_list":["post-1370","page","type-page","status-publish","hentry"],"yoast_head":"<!-- This site is optimized with the Yoast SEO plugin v27.4 - https:\/\/yoast.com\/product\/yoast-seo-wordpress\/ -->\n<title>Mini golfo kainos | Jungle Monkeyz Adventure Golf<\/title>\n<meta name=\"description\" content=\"Adventure mini golfo kainos yra tokios pat d\u017eiuginan\u010dios, kaip ir pataikymas \u012f duobut\u0119 i\u0161 vieno sm\u016bgio! \u012esp\u016bdingas laisvalaikis kiekvienam.\" \/>\n<meta name=\"robots\" content=\"index, follow, max-snippet:-1, max-image-preview:large, max-video-preview:-1\" \/>\n<link rel=\"canonical\" href=\"https:\/\/golfinthejungle.co.uk\/en\/mini-golf-prices\/\" \/>\n<meta property=\"og:locale\" content=\"en_US\" \/>\n<meta property=\"og:type\" content=\"article\" \/>\n<meta property=\"og:title\" content=\"Mini golfo kainos | Jungle Monkeyz Adventure Golf\" \/>\n<meta property=\"og:description\" content=\"Adventure mini golfo kainos yra tokios pat d\u017eiuginan\u010dios, kaip ir pataikymas \u012f duobut\u0119 i\u0161 vieno sm\u016bgio! \u012esp\u016bdingas laisvalaikis kiekvienam.\" \/>\n<meta property=\"og:url\" content=\"https:\/\/golfinthejungle.co.uk\/en\/mini-golf-prices\/\" \/>\n<meta property=\"og:site_name\" content=\"Jungle Monkeyz\" \/>\n<meta property=\"article:publisher\" content=\"https:\/\/www.facebook.com\/junglemonkeyzadventuregolf\" \/>\n<meta property=\"article:modified_time\" content=\"2026-01-29T22:49:17+00:00\" \/>\n<meta name=\"twitter:card\" content=\"summary_large_image\" \/>\n<script type=\"application\/ld+json\" class=\"yoast-schema-graph\">{\"@context\":\"https:\\\/\\\/schema.org\",\"@graph\":[{\"@type\":\"WebPage\",\"@id\":\"https:\\\/\\\/golfinthejungle.co.uk\\\/mini-golf-prices\\\/\",\"url\":\"https:\\\/\\\/golfinthejungle.co.uk\\\/mini-golf-prices\\\/\",\"name\":\"Mini golfo kainos | Jungle Monkeyz Adventure Golf\",\"isPartOf\":{\"@id\":\"https:\\\/\\\/golfinthejungle.co.uk\\\/#website\"},\"datePublished\":\"2023-07-29T15:23:59+00:00\",\"dateModified\":\"2026-01-29T22:49:17+00:00\",\"description\":\"Adventure mini golfo kainos yra tokios pat d\u017eiuginan\u010dios, kaip ir pataikymas \u012f duobut\u0119 i\u0161 vieno sm\u016bgio! \u012esp\u016bdingas laisvalaikis kiekvienam.\",\"breadcrumb\":{\"@id\":\"https:\\\/\\\/golfinthejungle.co.uk\\\/mini-golf-prices\\\/#breadcrumb\"},\"inLanguage\":\"en-US\",\"potentialAction\":[{\"@type\":\"ReadAction\",\"target\":[\"https:\\\/\\\/golfinthejungle.co.uk\\\/mini-golf-prices\\\/\"]}]},{\"@type\":\"BreadcrumbList\",\"@id\":\"https:\\\/\\\/golfinthejungle.co.uk\\\/mini-golf-prices\\\/#breadcrumb\",\"itemListElement\":[{\"@type\":\"ListItem\",\"position\":1,\"name\":\"Home\",\"item\":\"https:\\\/\\\/golfinthejungle.co.uk\\\/en\\\/\"},{\"@type\":\"ListItem\",\"position\":2,\"name\":\"Prices\"}]},{\"@type\":\"WebSite\",\"@id\":\"https:\\\/\\\/golfinthejungle.co.uk\\\/#website\",\"url\":\"https:\\\/\\\/golfinthejungle.co.uk\\\/\",\"name\":\"Jungle Monkeyz Adventure Golf\",\"description\":\"\",\"publisher\":{\"@id\":\"https:\\\/\\\/golfinthejungle.co.uk\\\/#organization\"},\"potentialAction\":[{\"@type\":\"SearchAction\",\"target\":{\"@type\":\"EntryPoint\",\"urlTemplate\":\"https:\\\/\\\/golfinthejungle.co.uk\\\/?s={search_term_string}\"},\"query-input\":{\"@type\":\"PropertyValueSpecification\",\"valueRequired\":true,\"valueName\":\"search_term_string\"}}],\"inLanguage\":\"en-US\"},{\"@type\":\"Organization\",\"@id\":\"https:\\\/\\\/golfinthejungle.co.uk\\\/#organization\",\"name\":\"Jungle Monkeyz Adventure Golf\",\"alternateName\":\"Jungle Monkeyz\",\"url\":\"https:\\\/\\\/golfinthejungle.co.uk\\\/\",\"logo\":{\"@type\":\"ImageObject\",\"inLanguage\":\"en-US\",\"@id\":\"https:\\\/\\\/golfinthejungle.co.uk\\\/#\\\/schema\\\/logo\\\/image\\\/\",\"url\":\"https:\\\/\\\/golfinthejungle.co.uk\\\/wp-content\\\/uploads\\\/2023\\\/07\\\/Artboard-3logos.png\",\"contentUrl\":\"https:\\\/\\\/golfinthejungle.co.uk\\\/wp-content\\\/uploads\\\/2023\\\/07\\\/Artboard-3logos.png\",\"width\":953,\"height\":641,\"caption\":\"Jungle Monkeyz Adventure Golf\"},\"image\":{\"@id\":\"https:\\\/\\\/golfinthejungle.co.uk\\\/#\\\/schema\\\/logo\\\/image\\\/\"},\"sameAs\":[\"https:\\\/\\\/www.facebook.com\\\/junglemonkeyzadventuregolf\"]}]}<\/script>\n<!-- \/ Yoast SEO plugin. -->","yoast_head_json":{"title":"Mini golfo kainos | Jungle Monkeyz Adventure Golf","description":"Adventure mini golfo kainos yra tokios pat d\u017eiuginan\u010dios, kaip ir pataikymas \u012f duobut\u0119 i\u0161 vieno sm\u016bgio! \u012esp\u016bdingas laisvalaikis kiekvienam.","robots":{"index":"index","follow":"follow","max-snippet":"max-snippet:-1","max-image-preview":"max-image-preview:large","max-video-preview":"max-video-preview:-1"},"canonical":"https:\/\/golfinthejungle.co.uk\/en\/mini-golf-prices\/","og_locale":"en_US","og_type":"article","og_title":"Mini golfo kainos | Jungle Monkeyz Adventure Golf","og_description":"Adventure mini golfo kainos yra tokios pat d\u017eiuginan\u010dios, kaip ir pataikymas \u012f duobut\u0119 i\u0161 vieno sm\u016bgio! \u012esp\u016bdingas laisvalaikis kiekvienam.","og_url":"https:\/\/golfinthejungle.co.uk\/en\/mini-golf-prices\/","og_site_name":"Jungle Monkeyz","article_publisher":"https:\/\/www.facebook.com\/junglemonkeyzadventuregolf","article_modified_time":"2026-01-29T22:49:17+00:00","twitter_card":"summary_large_image","schema":{"@context":"https:\/\/schema.org","@graph":[{"@type":"WebPage","@id":"https:\/\/golfinthejungle.co.uk\/mini-golf-prices\/","url":"https:\/\/golfinthejungle.co.uk\/mini-golf-prices\/","name":"Mini golfo kainos | Jungle Monkeyz Adventure Golf","isPartOf":{"@id":"https:\/\/golfinthejungle.co.uk\/#website"},"datePublished":"2023-07-29T15:23:59+00:00","dateModified":"2026-01-29T22:49:17+00:00","description":"Adventure mini golfo kainos yra tokios pat d\u017eiuginan\u010dios, kaip ir pataikymas \u012f duobut\u0119 i\u0161 vieno sm\u016bgio! \u012esp\u016bdingas laisvalaikis kiekvienam.","breadcrumb":{"@id":"https:\/\/golfinthejungle.co.uk\/mini-golf-prices\/#breadcrumb"},"inLanguage":"en-US","potentialAction":[{"@type":"ReadAction","target":["https:\/\/golfinthejungle.co.uk\/mini-golf-prices\/"]}]},{"@type":"BreadcrumbList","@id":"https:\/\/golfinthejungle.co.uk\/mini-golf-prices\/#breadcrumb","itemListElement":[{"@type":"ListItem","position":1,"name":"Home","item":"https:\/\/golfinthejungle.co.uk\/en\/"},{"@type":"ListItem","position":2,"name":"Prices"}]},{"@type":"WebSite","@id":"https:\/\/golfinthejungle.co.uk\/#website","url":"https:\/\/golfinthejungle.co.uk\/","name":"Jungle Monkeyz Adventure Golf","description":"","publisher":{"@id":"https:\/\/golfinthejungle.co.uk\/#organization"},"potentialAction":[{"@type":"SearchAction","target":{"@type":"EntryPoint","urlTemplate":"https:\/\/golfinthejungle.co.uk\/?s={search_term_string}"},"query-input":{"@type":"PropertyValueSpecification","valueRequired":true,"valueName":"search_term_string"}}],"inLanguage":"en-US"},{"@type":"Organization","@id":"https:\/\/golfinthejungle.co.uk\/#organization","name":"Jungle Monkeyz Adventure Golf","alternateName":"Jungle Monkeyz","url":"https:\/\/golfinthejungle.co.uk\/","logo":{"@type":"ImageObject","inLanguage":"en-US","@id":"https:\/\/golfinthejungle.co.uk\/#\/schema\/logo\/image\/","url":"https:\/\/golfinthejungle.co.uk\/wp-content\/uploads\/2023\/07\/Artboard-3logos.png","contentUrl":"https:\/\/golfinthejungle.co.uk\/wp-content\/uploads\/2023\/07\/Artboard-3logos.png","width":953,"height":641,"caption":"Jungle Monkeyz Adventure Golf"},"image":{"@id":"https:\/\/golfinthejungle.co.uk\/#\/schema\/logo\/image\/"},"sameAs":["https:\/\/www.facebook.com\/junglemonkeyzadventuregolf"]}]}},"_links":{"self":[{"href":"https:\/\/golfinthejungle.co.uk\/en\/wp-json\/wp\/v2\/pages\/1370","targetHints":{"allow":["GET"]}}],"collection":[{"href":"https:\/\/golfinthejungle.co.uk\/en\/wp-json\/wp\/v2\/pages"}],"about":[{"href":"https:\/\/golfinthejungle.co.uk\/en\/wp-json\/wp\/v2\/types\/page"}],"author":[{"embeddable":true,"href":"https:\/\/golfinthejungle.co.uk\/en\/wp-json\/wp\/v2\/users\/1"}],"replies":[{"embeddable":true,"href":"https:\/\/golfinthejungle.co.uk\/en\/wp-json\/wp\/v2\/comments?post=1370"}],"version-history":[{"count":51,"href":"https:\/\/golfinthejungle.co.uk\/en\/wp-json\/wp\/v2\/pages\/1370\/revisions"}],"predecessor-version":[{"id":3737,"href":"https:\/\/golfinthejungle.co.uk\/en\/wp-json\/wp\/v2\/pages\/1370\/revisions\/3737"}],"wp:attachment":[{"href":"https:\/\/golfinthejungle.co.uk\/en\/wp-json\/wp\/v2\/media?parent=1370"}],"curies":[{"name":"wp","href":"https:\/\/api.w.org\/{rel}","templated":true}]}}